{"id":667,"date":"2020-12-15T11:54:49","date_gmt":"2020-12-15T11:54:49","guid":{"rendered":"http:\/\/maarten-austmann.com\/?page_id=667"},"modified":"2026-01-12T17:57:37","modified_gmt":"2026-01-12T16:57:37","slug":"impressum","status":"publish","type":"page","link":"https:\/\/www.maarten-austmann.com\/nl\/impressum\/","title":{"rendered":"Colofon"},"content":{"rendered":"<div data-elementor-type=\"wp-page\" data-elementor-id=\"667\" class=\"elementor elementor-667\">\n\t\t\t\t\t\t<section class=\"elementor-section elementor-top-section elementor-element elementor-element-5131a13e elementor-section-boxed elementor-section-height-default elementor-section-height-default\" data-id=\"5131a13e\" data-element_type=\"section\" data-e-type=\"section\" data-settings=\"{&quot;background_background&quot;:&quot;classic&quot;}\">\n\t\t\t\t\t\t\t<div class=\"elementor-background-overlay\"><\/div>\n\t\t\t\t\t\t\t<div class=\"elementor-container elementor-column-gap-default\">\n\t\t\t\t\t<div class=\"elementor-column elementor-col-100 elementor-top-column elementor-element elementor-element-1053ca7a\" data-id=\"1053ca7a\" data-element_type=\"column\" data-e-type=\"column\">\n\t\t\t<div class=\"elementor-widget-wrap elementor-element-populated\">\n\t\t\t\t\t\t<div class=\"elementor-element elementor-element-3d99e122 elementor-widget elementor-widget-heading\" data-id=\"3d99e122\" data-element_type=\"widget\" data-e-type=\"widget\" data-widget_type=\"heading.default\">\n\t\t\t\t<div class=\"elementor-widget-container\">\n\t\t\t\t\t<h1 class=\"elementor-heading-title elementor-size-default\">Colofon<\/h1>\t\t\t\t<\/div>\n\t\t\t\t<\/div>\n\t\t\t\t\t<\/div>\n\t\t<\/div>\n\t\t\t\t\t<\/div>\n\t\t<\/section>\n\t\t\t\t<section class=\"elementor-section elementor-top-section elementor-element elementor-element-40177ae0 elementor-section-boxed elementor-section-height-default elementor-section-height-default\" data-id=\"40177ae0\" data-element_type=\"section\" data-e-type=\"section\">\n\t\t\t\t\t\t<div class=\"elementor-container elementor-column-gap-no\">\n\t\t\t\t\t<div class=\"elementor-column elementor-col-100 elementor-top-column elementor-element elementor-element-48096891\" data-id=\"48096891\" data-element_type=\"column\" data-e-type=\"column\">\n\t\t\t<div class=\"elementor-widget-wrap elementor-element-populated\">\n\t\t\t\t\t\t<div class=\"elementor-element elementor-element-e56ab06 elementor-widget elementor-widget-text-editor\" data-id=\"e56ab06\" data-element_type=\"widget\" data-e-type=\"widget\" data-widget_type=\"text-editor.default\">\n\t\t\t\t<div class=\"elementor-widget-container\">\n\t\t\t\t\t\t\t\t\t<h2>Naam en adres<\/h2><p>Maarten Austmann<br \/>Eenmansbedrijf<br \/>Bonner Stra\u00dfe 145<br \/>40589 D\u00fcsseldorf<\/p><h2>Contact<\/h2><p>Telefoon: 0049 152 0601 2647<br \/>E-mail: info@maarten-austmann.com<\/p><h2>BTW-identificatienummer (Duitsland)<\/h2><p>Duitse BTW-identificatienummer overeenkomstig \u00a7 27 a van de Duitse loonbelastingwet: <br \/>DE336444944<\/p><h2>Beroepsaansprakelijkheidsverzekering<\/h2><p><strong>Naam en adres van verzekeraar:<\/strong><br \/>andsafe AG<br \/>Provinzial-Allee 1<br \/>48159 M\u00fcnster<\/p><p><strong>Geldigheidsgebied:<\/strong><br \/>Wereldwijd<\/p><h3>Verantwoordelijkheid voor inhoud<\/h3><p>Als dienstverlener ben ik volgens \u00a7 7 lid 1 van de Duitse telemediawet op deze website verantwoordelijk voor mijn eigen inhoud volgens algemene wetgeving. Ik ben echter, zoals beschreven in \u00a7\u00a7 8 tot 10, niet verplicht om verstrekte danwel opgeslagen informatie te controleren of om actief naar sporen van onwettigheden te zoeken.<\/p><p>Verplichtingen tot het verwijderen of blokkeren van het gebruik van deze informatie blijven hiervan onaangetast. Een aansprakelijkheidsstelling is echter pas mogelijk na kennisname van een concrete inbreuk. In het geval van een inbreuk wordt de betreffende inhoud direct verwijderd.<\/p><h3>Verantwoordelijkhed voor links<\/h3><p>Deze website bevat links naar externe inhoud op websites van derden. Aangezien ik geen invloed kan uitoefenen op deze externe inhoud kan ik hiervoor ook niet aansprakelijk worden gesteld. De betreffende eigenaar is te allen tijde verantwoordelijk voor deze inhoud. De betreffende websites zijn, op het moment dat de hyperlinks zijn aangemaakt, op eventuele inbreuken onderzocht. Hierbij is op dat moment geen illegale inhoud gevonden.<\/p><p>Zonder concrete aanwijzingen op een inbreuk kan er echter geen permanente inhoudelijke controle van deze websites worden gevergd. In het geval van een inbreuk worden de betreffende links direct verwijderd.<\/p><h3>Afbeeldingen<\/h3><p>Omslagfoto door <a href=\"https:\/\/pixabay.com\/users\/na4ev-1481419\/?utm_source=link-attribution&amp;utm_medium=referral&amp;utm_campaign=image&amp;utm_content=988047\" target=\"_blank\" rel=\"noopener\">\u041d\u0438\u043a\u043e\u043b\u0430\u0439 \u041d\u0430\u0447\u0435\u0432<\/a> op <a href=\"https:\/\/pixabay.com\/?utm_source=link-attribution&amp;utm_medium=referral&amp;utm_campaign=image&amp;utm_content=988047\" target=\"_blank\" rel=\"noopener\">Pixabay<\/a><br \/>Site icon door <a href=\"https:\/\/www.iconfinder.com\/bombasticon\" target=\"_blank\" rel=\"noopener\">Bombasticon Studio<\/a> op <a href=\"https:\/\/www.iconfinder.com\/\" target=\"_blank\" rel=\"noopener\">Iconfinder<\/a><br \/>Profielfoto door <a href=\"https:\/\/www.studioline.de\/\" target=\"_blank\" rel=\"noopener\">Studioline Photography<\/a><\/p><h3>Auteursrecht<\/h3><p>Alle inhoud en werken van de eigenaarop deze website vallen onder het Duitse auteursrecht. Voor het verveelvuldigen, bewerken, verspreiden of in enige vorm gebruiken van inhoud of werken op deze website is de schriftelijke toestemming van de betreffende auteur vereist. Het downloaden en kopi\u00ebren van (delen van) deze website is alleen toegestaan voor priv\u00e9gebruik.<\/p><p>Voor zover de inhoud op deze website niet door de exploitant is gemaakt, wordt het auteursrecht van derden nageleeft. Mocht u alsnog een schending van het auteursrecht opmerken, vraag ik u vriendelijk mij hierop te attenderen. In het geval van een inbreuk wordt de betreffende inhoud direct verwijderd.<\/p><p>Deze colofon is opgesteld in overeenkomst met de Duitse mediawetgeving via <a href=\"https:\/\/www.e-recht24.de\/\" target=\"_blank\" rel=\"noopener\">eRecht24<\/a>.<\/p>\t\t\t\t\t\t\t\t<\/div>\n\t\t\t\t<\/div>\n\t\t\t\t\t<\/div>\n\t\t<\/div>\n\t\t\t\t\t<\/div>\n\t\t<\/section>\n\t\t\t\t<\/div>","protected":false},"excerpt":{"rendered":"<p>Impressum Angaben gem\u00e4\u00df \u00a7 5 TMG Maarten AustmannEinzelunternehmenBonner Stra\u00dfe 14540589 D\u00fcsseldorf Kontakt Telefon: 0049 152 0601 2647E-Mail: info@maarten-austmann.com Umsatzsteuer-ID Umsatzsteuer-Identifikationsnummer gem\u00e4\u00df \u00a7 27 a Umsatzsteuergesetz: DE336444944 Angaben zur Berufshaftpflichtversicherung Name und Sitz des Versicherers:andsafe AGProvinzial-Allee 148159 M\u00fcnster Geltungsraum der Versicherung:Weltweit Haftung f\u00fcr Inhalte Als Diensteanbieter bin ich gem\u00e4\u00df \u00a7 7 Abs.1 TMG f\u00fcr eigene Inhalte [&hellip;]<\/p>\n","protected":false},"author":1,"featured_media":0,"parent":0,"menu_order":0,"comment_status":"closed","ping_status":"closed","template":"","meta":{"site-sidebar-layout":"no-sidebar","site-content-layout":"page-builder","ast-site-content-layout":"default","site-content-style":"default","site-sidebar-style":"default","ast-global-header-display":"","ast-banner-title-visibility":"","ast-main-header-display":"","ast-hfb-above-header-display":"","ast-hfb-below-header-display":"","ast-hfb-mobile-header-display":"","site-post-title":"","ast-breadcrumbs-content":"","ast-featured-img":"disabled","footer-sml-layout":"","ast-disable-related-posts":"","theme-transparent-header-meta":"enabled","adv-header-id-meta":"","stick-header-meta":"","header-above-stick-meta":"","header-main-stick-meta":"","header-below-stick-meta":"","astra-migrate-meta-layouts":"default","ast-page-background-enabled":"default","ast-page-background-meta":{"desktop":{"background-color":"","background-image":"","background-repeat":"repeat","background-position":"center center","background-size":"auto","background-attachment":"scroll","background-type":"","background-media":"","overlay-type":"","overlay-color":"","overlay-opacity":"","overlay-gradient":""},"tablet":{"background-color":"","background-image":"","background-repeat":"repeat","background-position":"center center","background-size":"auto","background-attachment":"scroll","background-type":"","background-media":"","overlay-type":"","overlay-color":"","overlay-opacity":"","overlay-gradient":""},"mobile":{"background-color":"","background-image":"","background-repeat":"repeat","background-position":"center center","background-size":"auto","background-attachment":"scroll","background-type":"","background-media":"","overlay-type":"","overlay-color":"","overlay-opacity":"","overlay-gradient":""}},"ast-content-background-meta":{"desktop":{"background-color":"var(--ast-global-color-5)","background-image":"","background-repeat":"repeat","background-position":"center center","background-size":"auto","background-attachment":"scroll","background-type":"","background-media":"","overlay-type":"","overlay-color":"","overlay-opacity":"","overlay-gradient":""},"tablet":{"background-color":"var(--ast-global-color-5)","background-image":"","background-repeat":"repeat","background-position":"center center","background-size":"auto","background-attachment":"scroll","background-type":"","background-media":"","overlay-type":"","overlay-color":"","overlay-opacity":"","overlay-gradient":""},"mobile":{"background-color":"var(--ast-global-color-5)","background-image":"","background-repeat":"repeat","background-position":"center center","background-size":"auto","background-attachment":"scroll","background-type":"","background-media":"","overlay-type":"","overlay-color":"","overlay-opacity":"","overlay-gradient":""}},"footnotes":""},"class_list":["post-667","page","type-page","status-publish","hentry"],"aioseo_notices":[],"_links":{"self":[{"href":"https:\/\/www.maarten-austmann.com\/nl\/wp-json\/wp\/v2\/pages\/667","targetHints":{"allow":["GET"]}}],"collection":[{"href":"https:\/\/www.maarten-austmann.com\/nl\/wp-json\/wp\/v2\/pages"}],"about":[{"href":"https:\/\/www.maarten-austmann.com\/nl\/wp-json\/wp\/v2\/types\/page"}],"author":[{"embeddable":true,"href":"https:\/\/www.maarten-austmann.com\/nl\/wp-json\/wp\/v2\/users\/1"}],"replies":[{"embeddable":true,"href":"https:\/\/www.maarten-austmann.com\/nl\/wp-json\/wp\/v2\/comments?post=667"}],"version-history":[{"count":9,"href":"https:\/\/www.maarten-austmann.com\/nl\/wp-json\/wp\/v2\/pages\/667\/revisions"}],"predecessor-version":[{"id":1095,"href":"https:\/\/www.maarten-austmann.com\/nl\/wp-json\/wp\/v2\/pages\/667\/revisions\/1095"}],"wp:attachment":[{"href":"https:\/\/www.maarten-austmann.com\/nl\/wp-json\/wp\/v2\/media?parent=667"}],"curies":[{"name":"wp","href":"https:\/\/api.w.org\/{rel}","templated":true}]}}